{"id":70,"date":"2017-07-24T09:15:55","date_gmt":"2017-07-24T09:15:55","guid":{"rendered":"https:\/\/fcylbm.es\/segovia\/competiciones-2\/"},"modified":"2019-12-14T16:31:17","modified_gmt":"2019-12-14T16:31:17","slug":"competiciones-balonmano-pista","status":"publish","type":"page","link":"https:\/\/fcylbm.es\/segovia\/competiciones-balonmano-pista\/","title":{"rendered":"Competiciones Balonmano Pista"},"content":{"rendered":"\n<!-- iframe plugin v.6.0 wordpress.org\/plugins\/iframe\/ -->\n<iframe loading=\"lazy\" src=\"https:\/\/www.rfebm.com\/competiciones\/competicion.php?id_categoria=200018&#038;id_temp=1718&#038;id_ambito=19&#038;id_territorial=36\" width=\"100%\" height=\"1600\" scrolling=\"yes\" class=\"iframe-class\" frameborder=\"0\"><\/iframe>\n\n","protected":false},"excerpt":{"rendered":"","protected":false},"author":2,"featured_media":0,"parent":0,"menu_order":0,"comment_status":"closed","ping_status":"closed","template":"","meta":{"footnotes":""},"class_list":["post-70","page","type-page","status-publish","hentry"],"yoast_head":"<!-- This site is optimized with the Yoast SEO plugin v27.4 - https:\/\/yoast.com\/product\/yoast-seo-wordpress\/ -->\n<title>Competiciones Balonmano Pista - Delegaci\u00f3n de Segovia de la Federaci\u00f3n Territorial de Balonmano de Castilla y Le\u00f3n<\/title>\n<meta name=\"robots\" content=\"index, follow, max-snippet:-1, max-image-preview:large, max-video-preview:-1\" \/>\n<link rel=\"canonical\" href=\"https:\/\/fcylbm.es\/segovia\/competiciones-balonmano-pista\/\" \/>\n<meta property=\"og:locale\" content=\"es_ES\" \/>\n<meta property=\"og:type\" content=\"article\" \/>\n<meta property=\"og:title\" content=\"Competiciones Balonmano Pista - Delegaci\u00f3n de Segovia de la Federaci\u00f3n Territorial de Balonmano de Castilla y Le\u00f3n\" \/>\n<meta property=\"og:url\" content=\"https:\/\/fcylbm.es\/segovia\/competiciones-balonmano-pista\/\" \/>\n<meta property=\"og:site_name\" content=\"Delegaci\u00f3n de Segovia de la Federaci\u00f3n Territorial de Balonmano de Castilla y Le\u00f3n\" \/>\n<meta property=\"article:modified_time\" content=\"2019-12-14T16:31:17+00:00\" \/>\n<meta name=\"twitter:card\" content=\"summary_large_image\" \/>\n<script type=\"application\/ld+json\" class=\"yoast-schema-graph\">{\"@context\":\"https:\\\/\\\/schema.org\",\"@graph\":[{\"@type\":\"WebPage\",\"@id\":\"https:\\\/\\\/fcylbm.es\\\/segovia\\\/competiciones-balonmano-pista\\\/\",\"url\":\"https:\\\/\\\/fcylbm.es\\\/segovia\\\/competiciones-balonmano-pista\\\/\",\"name\":\"Competiciones Balonmano Pista - Delegaci\u00f3n de Segovia de la Federaci\u00f3n Territorial de Balonmano de Castilla y Le\u00f3n\",\"isPartOf\":{\"@id\":\"https:\\\/\\\/fcylbm.es\\\/segovia\\\/#website\"},\"datePublished\":\"2017-07-24T09:15:55+00:00\",\"dateModified\":\"2019-12-14T16:31:17+00:00\",\"breadcrumb\":{\"@id\":\"https:\\\/\\\/fcylbm.es\\\/segovia\\\/competiciones-balonmano-pista\\\/#breadcrumb\"},\"inLanguage\":\"es\",\"potentialAction\":[{\"@type\":\"ReadAction\",\"target\":[\"https:\\\/\\\/fcylbm.es\\\/segovia\\\/competiciones-balonmano-pista\\\/\"]}]},{\"@type\":\"BreadcrumbList\",\"@id\":\"https:\\\/\\\/fcylbm.es\\\/segovia\\\/competiciones-balonmano-pista\\\/#breadcrumb\",\"itemListElement\":[{\"@type\":\"ListItem\",\"position\":1,\"name\":\"Portada\",\"item\":\"https:\\\/\\\/fcylbm.es\\\/segovia\\\/\"},{\"@type\":\"ListItem\",\"position\":2,\"name\":\"Competiciones Balonmano Pista\"}]},{\"@type\":\"WebSite\",\"@id\":\"https:\\\/\\\/fcylbm.es\\\/segovia\\\/#website\",\"url\":\"https:\\\/\\\/fcylbm.es\\\/segovia\\\/\",\"name\":\"Delegaci\u00f3n de Segovia de la Federaci\u00f3n Territorial de Balonmano de Castilla y Le\u00f3n\",\"description\":\"Otro sitio m\u00e1s de Federaci\u00f3n Territorial de Balonmano de Castilla y Le\u00f3n\",\"potentialAction\":[{\"@type\":\"SearchAction\",\"target\":{\"@type\":\"EntryPoint\",\"urlTemplate\":\"https:\\\/\\\/fcylbm.es\\\/segovia\\\/?s={search_term_string}\"},\"query-input\":{\"@type\":\"PropertyValueSpecification\",\"valueRequired\":true,\"valueName\":\"search_term_string\"}}],\"inLanguage\":\"es\"}]}<\/script>\n<!-- \/ Yoast SEO plugin. -->","yoast_head_json":{"title":"Competiciones Balonmano Pista - Delegaci\u00f3n de Segovia de la Federaci\u00f3n Territorial de Balonmano de Castilla y Le\u00f3n","robots":{"index":"index","follow":"follow","max-snippet":"max-snippet:-1","max-image-preview":"max-image-preview:large","max-video-preview":"max-video-preview:-1"},"canonical":"https:\/\/fcylbm.es\/segovia\/competiciones-balonmano-pista\/","og_locale":"es_ES","og_type":"article","og_title":"Competiciones Balonmano Pista - Delegaci\u00f3n de Segovia de la Federaci\u00f3n Territorial de Balonmano de Castilla y Le\u00f3n","og_url":"https:\/\/fcylbm.es\/segovia\/competiciones-balonmano-pista\/","og_site_name":"Delegaci\u00f3n de Segovia de la Federaci\u00f3n Territorial de Balonmano de Castilla y Le\u00f3n","article_modified_time":"2019-12-14T16:31:17+00:00","twitter_card":"summary_large_image","schema":{"@context":"https:\/\/schema.org","@graph":[{"@type":"WebPage","@id":"https:\/\/fcylbm.es\/segovia\/competiciones-balonmano-pista\/","url":"https:\/\/fcylbm.es\/segovia\/competiciones-balonmano-pista\/","name":"Competiciones Balonmano Pista - Delegaci\u00f3n de Segovia de la Federaci\u00f3n Territorial de Balonmano de Castilla y Le\u00f3n","isPartOf":{"@id":"https:\/\/fcylbm.es\/segovia\/#website"},"datePublished":"2017-07-24T09:15:55+00:00","dateModified":"2019-12-14T16:31:17+00:00","breadcrumb":{"@id":"https:\/\/fcylbm.es\/segovia\/competiciones-balonmano-pista\/#breadcrumb"},"inLanguage":"es","potentialAction":[{"@type":"ReadAction","target":["https:\/\/fcylbm.es\/segovia\/competiciones-balonmano-pista\/"]}]},{"@type":"BreadcrumbList","@id":"https:\/\/fcylbm.es\/segovia\/competiciones-balonmano-pista\/#breadcrumb","itemListElement":[{"@type":"ListItem","position":1,"name":"Portada","item":"https:\/\/fcylbm.es\/segovia\/"},{"@type":"ListItem","position":2,"name":"Competiciones Balonmano Pista"}]},{"@type":"WebSite","@id":"https:\/\/fcylbm.es\/segovia\/#website","url":"https:\/\/fcylbm.es\/segovia\/","name":"Delegaci\u00f3n de Segovia de la Federaci\u00f3n Territorial de Balonmano de Castilla y Le\u00f3n","description":"Otro sitio m\u00e1s de Federaci\u00f3n Territorial de Balonmano de Castilla y Le\u00f3n","potentialAction":[{"@type":"SearchAction","target":{"@type":"EntryPoint","urlTemplate":"https:\/\/fcylbm.es\/segovia\/?s={search_term_string}"},"query-input":{"@type":"PropertyValueSpecification","valueRequired":true,"valueName":"search_term_string"}}],"inLanguage":"es"}]}},"_links":{"self":[{"href":"https:\/\/fcylbm.es\/segovia\/wp-json\/wp\/v2\/pages\/70","targetHints":{"allow":["GET"]}}],"collection":[{"href":"https:\/\/fcylbm.es\/segovia\/wp-json\/wp\/v2\/pages"}],"about":[{"href":"https:\/\/fcylbm.es\/segovia\/wp-json\/wp\/v2\/types\/page"}],"author":[{"embeddable":true,"href":"https:\/\/fcylbm.es\/segovia\/wp-json\/wp\/v2\/users\/2"}],"replies":[{"embeddable":true,"href":"https:\/\/fcylbm.es\/segovia\/wp-json\/wp\/v2\/comments?post=70"}],"version-history":[{"count":5,"href":"https:\/\/fcylbm.es\/segovia\/wp-json\/wp\/v2\/pages\/70\/revisions"}],"predecessor-version":[{"id":476,"href":"https:\/\/fcylbm.es\/segovia\/wp-json\/wp\/v2\/pages\/70\/revisions\/476"}],"wp:attachment":[{"href":"https:\/\/fcylbm.es\/segovia\/wp-json\/wp\/v2\/media?parent=70"}],"curies":[{"name":"wp","href":"https:\/\/api.w.org\/{rel}","templated":true}]}}