{"id":6,"date":"2017-07-24T09:17:05","date_gmt":"2017-07-24T09:17:05","guid":{"rendered":"https:\/\/fcylbm.es\/leon\/biblioteca\/enlaces\/"},"modified":"2017-07-25T10:56:45","modified_gmt":"2017-07-25T10:56:45","slug":"enlaces","status":"publish","type":"page","link":"https:\/\/fcylbm.es\/leon\/enlaces\/","title":{"rendered":"Enlaces"},"content":{"rendered":"<table align=\"center\">\n<tbody>\n<tr>\n<td class=\"fondonaranja\" style=\"text-align: left;\" width=\"47%\">A1 &#8211; REAL FEDERACION ESPA\u00d1OLA DE BALONMANO<\/td>\n<td class=\"fondo0\" style=\"text-align: left;\">\u00a0<a href=\"https:\/\/www.rfebm.net\/\">www.rfebm.net<\/a><\/td>\n<\/tr>\n<tr>\n<td class=\"fondonaranja\" width=\"47%\">A1 &#8211; REAL FEDERACI\u00d3N ESPA\u00d1OLA DE BALONMANO<\/td>\n<td class=\"fondo0\">\u00a0<a href=\"https:\/\/www.rfebm.net\/\">www.rfebm.net<\/a><\/td>\n<\/tr>\n<tr>\n<td class=\"fondonaranja\" width=\"47%\">A2 &#8211; FEDERACI\u00d3N INTERNACIONAL DE BALONMANO (IHF)<\/td>\n<td class=\"fondo0\">\u00a0<a href=\"https:\/\/www.ihf.info\/\">www.ihf.info<\/a><\/td>\n<\/tr>\n<tr>\n<td class=\"fondonaranja\" width=\"47%\">A3 &#8211; FEDERACI\u00d3N EUROPEA DE BALONMANO (EHF)<\/td>\n<td class=\"fondo0\">\u00a0<a href=\"https:\/\/www.eurohandball.com\/\">www.eurohandball.com<\/a><\/td>\n<\/tr>\n<tr>\n<td class=\"fondonaranja\" width=\"47%\">A4 &#8211; COMIT\u00c9 OL\u00cdMPICO ESPA\u00d1OL<\/td>\n<td class=\"fondo0\">\u00a0<a href=\"https:\/\/www.sportec.com\/coe\">www.sportec.com\/coe<\/a><\/td>\n<\/tr>\n<tr>\n<td class=\"fondonaranja\" width=\"47%\">A5 &#8211; FUNDACI\u00d3N MUNICIPAL DE DEPORTES<\/td>\n<td class=\"fondo0\">\u00a0<a href=\"https:\/\/www.fmdva.org\/\">www.fmdva.org<\/a><\/td>\n<\/tr>\n<tr>\n<td class=\"fondonaranja\" width=\"47%\">A6 &#8211; BUSCADOR DE BALONMANO<\/td>\n<td class=\"fondo0\">\u00a0<a href=\"https:\/\/www.buscabalonmano.com\/\">www.buscabalonmano.com<\/a><\/td>\n<\/tr>\n<tr>\n<td class=\"fondonaranja\" width=\"47%\">A7 &#8211; INSTITUTO VALLISOLETANO DEL DEPORTE<\/td>\n<td class=\"fondo0\">\u00a0<a href=\"https:\/\/www.invade.es\/\">www.invade.es<\/a><\/td>\n<\/tr>\n<tr>\n<td class=\"fondonaranja\" width=\"47%\">B1 &#8211; ASOCIACI\u00d3N CLUBES MASCULINOS DIVISI\u00d3N DE HONOR<\/td>\n<td class=\"fondo0\">\u00a0<a href=\"https:\/\/www.asobal.es\/\">www.asobal.es<\/a><\/td>\n<\/tr>\n<tr>\n<td class=\"fondonaranja\" width=\"47%\">B2 &#8211; ASOCIACI\u00d3N CLUBES BALONMANO FEMENINO<\/td>\n<td class=\"fondo0\">\u00a0<a href=\"https:\/\/www.acbf.net\/\">www.acbf.net<\/a><\/td>\n<\/tr>\n<tr>\n<td class=\"fondonaranja\" width=\"47%\">B3 &#8211; ASOCIACI\u00d3N DE ENTRENADORES ESPA\u00d1OLES<\/td>\n<td class=\"fondo0\">\u00a0<a href=\"https:\/\/www.aebm.com\/\">www.aebm.com<\/a><\/td>\n<\/tr>\n<tr>\n<td class=\"fondonaranja\" width=\"47%\">B4 &#8211; ASOCIACI\u00d3N MUJERES DE BALONMANO<\/td>\n<td class=\"fondo0\">\u00a0<a href=\"https:\/\/www.amdbm.com\/\">www.amdbm.com<\/a><\/td>\n<\/tr>\n<tr>\n<td class=\"fondonaranja\" width=\"47%\">C1 &#8211; CLUB ADEMAR LE\u00d3N<\/td>\n<td class=\"fondo0\">\u00a0<a href=\"https:\/\/www.ademar.com\/\">www.ademar.com<\/a><\/td>\n<\/tr>\n<tr>\n<td class=\"fondonaranja\" width=\"47%\">C2 &#8211; CLUB BALONMANO VALLADOLID<\/td>\n<td class=\"fondo0\">\u00a0<a href=\"https:\/\/www.balonmanovalladolid.es\/\">www.balonmanovalladolid.es<\/a><\/td>\n<\/tr>\n<tr>\n<td class=\"fondonaranja\" width=\"47%\">C3 &#8211; CLUB LE\u00d3N BALONMANO FEMENINO<\/td>\n<td class=\"fondo0\">\u00a0<a href=\"https:\/\/www.leonbalonmano.com\/\">www.leonbalonmano.com<\/a><\/td>\n<\/tr>\n<tr>\n<td class=\"fondonaranja\" width=\"47%\">C4 &#8211; CLUB BALONMANO CIUDAD DE SALAMANCA<\/td>\n<td class=\"fondo0\">\u00a0<a href=\"https:\/\/www.balonmanociudaddesalamanca.net\/\">www.balonmanociudaddesalamanca.net<\/a><\/td>\n<\/tr>\n<tr>\n<td class=\"fondonaranja\" width=\"47%\">C5 &#8211; CLUB MARISTAS DE LEON<\/td>\n<td class=\"fondo0\">\u00a0<a href=\"https:\/\/www.bmmaristas.com\/\">www.bmmaristas.com<\/a><\/td>\n<\/tr>\n<tr>\n<td class=\"fondonaranja\" width=\"47%\">C6 &#8211; CLUB BALONMANO VILLA DE ARANDA<\/td>\n<td class=\"fondo0\">\u00a0<a href=\"https:\/\/www.balonmanovilladearanda.com\/\">www.balonmanovilladearanda.com<\/a><\/td>\n<\/tr>\n<tr>\n<td class=\"fondonaranja\" width=\"47%\">C7 &#8211; CLUB BALONMANO CARFLOR LA VIRGEN<\/td>\n<td class=\"fondo0\">\u00a0<a href=\"https:\/\/www.bmlavirgen.com\/\">www.bmlavirgen.com<\/a><\/td>\n<\/tr>\n<tr>\n<td class=\"fondonaranja\" width=\"47%\">C8 &#8211; CLUB BALONMANO PALENCIA FEMENINO<\/td>\n<td class=\"fondo0\">\u00a0<a href=\"https:\/\/www.clubbalonmanopalenciafemenino.com\/\">www.clubbalonmanopalenciafemenino.com<\/a><\/td>\n<\/tr>\n<tr>\n<td class=\"fondonaranja\" width=\"47%\">C9 &#8211; CLUB BALONMANO ZAMORA<\/td>\n<td class=\"fondo0\">\u00a0<a href=\"https:\/\/www.balonmanozamora.com\/\">www.balonmanozamora.com<\/a><\/td>\n<\/tr>\n<tr>\n<td class=\"fondonaranja\" width=\"47%\">D10 &#8211; DIARIO MARCA<\/td>\n<td class=\"fondo0\">\u00a0<a href=\"https:\/\/www.marca.es\/\">www.marca.es<\/a><\/td>\n<\/tr>\n<tr>\n<td class=\"fondonaranja\" width=\"47%\">D11 &#8211; DIARIO AS<\/td>\n<td class=\"fondo0\">\u00a0<a href=\"https:\/\/www.as.com\/\">www.as.com<\/a><\/td>\n<\/tr>\n<tr>\n<td class=\"fondonaranja\" width=\"47%\">D12 &#8211; DIARIO ABC<\/td>\n<td class=\"fondo0\">\u00a0<a href=\"https:\/\/www.abc.es\/\">www.abc.es<\/a><\/td>\n<\/tr>\n<tr>\n<td class=\"fondonaranja\" width=\"47%\">D13 &#8211; DIARIO EL MUNDO<\/td>\n<td class=\"fondo0\">\u00a0<a href=\"https:\/\/www.elmundo.es\/\">www.elmundo.es<\/a><\/td>\n<\/tr>\n<tr>\n<td class=\"fondonaranja\" width=\"47%\">D14 &#8211; DIARIO LA RAZ\u00d3N<\/td>\n<td class=\"fondo0\">\u00a0<a href=\"https:\/\/www.larazon.es\/\">www.larazon.es<\/a><\/td>\n<\/tr>\n<tr>\n<td class=\"fondonaranja\" width=\"47%\">D15 &#8211; DIARIO 20 MINUTOS<\/td>\n<td class=\"fondo0\">\u00a0<a href=\"https:\/\/www.20minutos.es\/\">www.20minutos.es<\/a><\/td>\n<\/tr>\n<tr>\n<td class=\"fondonaranja\" width=\"47%\">D16 &#8211; DIARIO EL NORTE DE CASTILLA<\/td>\n<td class=\"fondo0\">\u00a0<a href=\"https:\/\/www.nortecastilla.es\/\">www.nortecastilla.es<\/a><\/td>\n<\/tr>\n<tr>\n<td class=\"fondonaranja\" width=\"47%\">D17 &#8211; DIARIO EL D\u00cdA DE VALLADOLID<\/td>\n<td class=\"fondo0\">\u00a0<a href=\"https:\/\/www.eldiadevalladolid.com\/\">www.eldiadevalladolid.com<\/a><\/td>\n<\/tr>\n<tr>\n<td class=\"fondonaranja\" width=\"47%\">D18 &#8211; DIARIO DE BURGOS<\/td>\n<td class=\"fondo0\">\u00a0<a href=\"https:\/\/www.diariodeburgos.es\/\">www.diariodeburgos.es<\/a><\/td>\n<\/tr>\n<tr>\n<td class=\"fondonaranja\" width=\"47%\">D19 &#8211; DIARIO DE LE\u00d3N<\/td>\n<td class=\"fondo0\">\u00a0<a href=\"https:\/\/www.diariodeleon.es\/\">www.diariodeleon.es<\/a><\/td>\n<\/tr>\n<tr>\n<td class=\"fondonaranja\" width=\"47%\">D20 &#8211; DIARIO PALENTINO<\/td>\n<td class=\"fondo0\">\u00a0<a href=\"https:\/\/www.diariopalentino.es\/\">www.diariopalentino.es<\/a><\/td>\n<\/tr>\n<tr>\n<td class=\"fondonaranja\" width=\"47%\">D21 &#8211; DIARIO EL ADELANTO DE SALAMANCA<\/td>\n<td class=\"fondo0\">\u00a0<a href=\"https:\/\/www.eladelanto.com\/\">www.eladelanto.com<\/a><\/td>\n<\/tr>\n<tr>\n<td class=\"fondonaranja\" width=\"47%\">D22 &#8211; DIARIO LA GACETA REGIONAL DE SALAMANCA<\/td>\n<td class=\"fondo0\">\u00a0<a href=\"https:\/\/www.lagacetadesalamanca.es\/\">www.lagacetadesalamanca.es<\/a><\/td>\n<\/tr>\n<tr>\n<td class=\"fondonaranja\" width=\"47%\">D23 &#8211; DIARIO TRIBUNA DE SALAMANCA<\/td>\n<td class=\"fondo0\">\u00a0<a href=\"https:\/\/www.tribuna.net\/\">www.tribuna.net<\/a><\/td>\n<\/tr>\n<tr>\n<td class=\"fondonaranja\" width=\"47%\">D24 &#8211; DIARIO HERALDO DE SORIA<\/td>\n<td class=\"fondo0\">\u00a0<a href=\"https:\/\/www.heraldo.es\/\">www.heraldo.es<\/a><\/td>\n<\/tr>\n<\/tbody>\n<\/table>\n","protected":false},"excerpt":{"rendered":"<p>A1 &#8211; REAL FEDERACION ESPA\u00d1OLA DE BALONMANO \u00a0www.rfebm.net A1 &#8211; REAL FEDERACI\u00d3N ESPA\u00d1OLA DE BALONMANO \u00a0www.rfebm.net A2 &#8211; FEDERACI\u00d3N INTERNACIONAL DE BALONMANO (IHF) \u00a0www.ihf.info A3 &#8211; FEDERACI\u00d3N EUROPEA DE BALONMANO (EHF) \u00a0www.eurohandball.com A4 &#8211; COMIT\u00c9 OL\u00cdMPICO ESPA\u00d1OL \u00a0www.sportec.com\/coe A5 &#8211; FUNDACI\u00d3N MUNICIPAL DE DEPORTES \u00a0www.fmdva.org A6 &#8211; BUSCADOR DE BALONMANO \u00a0www.buscabalonmano.com A7 &#8211; INSTITUTO VALLISOLETANO<\/p>\n","protected":false},"author":2,"featured_media":0,"parent":0,"menu_order":0,"comment_status":"closed","ping_status":"closed","template":"","meta":{"footnotes":""},"class_list":["post-6","page","type-page","status-publish","hentry"],"yoast_head":"<!-- This site is optimized with the Yoast SEO plugin v27.3 - https:\/\/yoast.com\/product\/yoast-seo-wordpress\/ -->\n<title>Enlaces - Delegaci\u00f3n de Le\u00f3n de la Federaci\u00f3n Territorial de Balonmano de Castilla y Le\u00f3n<\/title>\n<meta name=\"robots\" content=\"index, follow, max-snippet:-1, max-image-preview:large, max-video-preview:-1\" \/>\n<link rel=\"canonical\" href=\"https:\/\/fcylbm.es\/leon\/enlaces\/\" \/>\n<meta property=\"og:locale\" content=\"es_ES\" \/>\n<meta property=\"og:type\" content=\"article\" \/>\n<meta property=\"og:title\" content=\"Enlaces - Delegaci\u00f3n de Le\u00f3n de la Federaci\u00f3n Territorial de Balonmano de Castilla y Le\u00f3n\" \/>\n<meta property=\"og:description\" content=\"A1 &#8211; REAL FEDERACION ESPA\u00d1OLA DE BALONMANO \u00a0www.rfebm.net A1 &#8211; REAL FEDERACI\u00d3N ESPA\u00d1OLA DE BALONMANO \u00a0www.rfebm.net A2 &#8211; FEDERACI\u00d3N INTERNACIONAL DE BALONMANO (IHF) \u00a0www.ihf.info A3 &#8211; FEDERACI\u00d3N EUROPEA DE BALONMANO (EHF) \u00a0www.eurohandball.com A4 &#8211; COMIT\u00c9 OL\u00cdMPICO ESPA\u00d1OL \u00a0www.sportec.com\/coe A5 &#8211; FUNDACI\u00d3N MUNICIPAL DE DEPORTES \u00a0www.fmdva.org A6 &#8211; BUSCADOR DE BALONMANO \u00a0www.buscabalonmano.com A7 &#8211; INSTITUTO VALLISOLETANO\" \/>\n<meta property=\"og:url\" content=\"https:\/\/fcylbm.es\/leon\/enlaces\/\" \/>\n<meta property=\"og:site_name\" content=\"Delegaci\u00f3n de Le\u00f3n de la Federaci\u00f3n Territorial de Balonmano de Castilla y Le\u00f3n\" \/>\n<meta property=\"article:modified_time\" content=\"2017-07-25T10:56:45+00:00\" \/>\n<meta name=\"twitter:card\" content=\"summary_large_image\" \/>\n<meta name=\"twitter:label1\" content=\"Tiempo de lectura\" \/>\n\t<meta name=\"twitter:data1\" content=\"2 minutos\" \/>\n<script type=\"application\/ld+json\" class=\"yoast-schema-graph\">{\"@context\":\"https:\\\/\\\/schema.org\",\"@graph\":[{\"@type\":\"WebPage\",\"@id\":\"https:\\\/\\\/fcylbm.es\\\/leon\\\/enlaces\\\/\",\"url\":\"https:\\\/\\\/fcylbm.es\\\/leon\\\/enlaces\\\/\",\"name\":\"Enlaces - Delegaci\u00f3n de Le\u00f3n de la Federaci\u00f3n Territorial de Balonmano de Castilla y Le\u00f3n\",\"isPartOf\":{\"@id\":\"https:\\\/\\\/fcylbm.es\\\/leon\\\/#website\"},\"datePublished\":\"2017-07-24T09:17:05+00:00\",\"dateModified\":\"2017-07-25T10:56:45+00:00\",\"breadcrumb\":{\"@id\":\"https:\\\/\\\/fcylbm.es\\\/leon\\\/enlaces\\\/#breadcrumb\"},\"inLanguage\":\"es\",\"potentialAction\":[{\"@type\":\"ReadAction\",\"target\":[\"https:\\\/\\\/fcylbm.es\\\/leon\\\/enlaces\\\/\"]}]},{\"@type\":\"BreadcrumbList\",\"@id\":\"https:\\\/\\\/fcylbm.es\\\/leon\\\/enlaces\\\/#breadcrumb\",\"itemListElement\":[{\"@type\":\"ListItem\",\"position\":1,\"name\":\"Portada\",\"item\":\"https:\\\/\\\/fcylbm.es\\\/leon\\\/\"},{\"@type\":\"ListItem\",\"position\":2,\"name\":\"Enlaces\"}]},{\"@type\":\"WebSite\",\"@id\":\"https:\\\/\\\/fcylbm.es\\\/leon\\\/#website\",\"url\":\"https:\\\/\\\/fcylbm.es\\\/leon\\\/\",\"name\":\"Delegaci\u00f3n de Le\u00f3n de la Federaci\u00f3n Territorial de Balonmano de Castilla y Le\u00f3n\",\"description\":\"Otro sitio m\u00e1s de Federaci\u00f3n Territorial de Balonmano de Castilla y Le\u00f3n\",\"potentialAction\":[{\"@type\":\"SearchAction\",\"target\":{\"@type\":\"EntryPoint\",\"urlTemplate\":\"https:\\\/\\\/fcylbm.es\\\/leon\\\/?s={search_term_string}\"},\"query-input\":{\"@type\":\"PropertyValueSpecification\",\"valueRequired\":true,\"valueName\":\"search_term_string\"}}],\"inLanguage\":\"es\"}]}<\/script>\n<!-- \/ Yoast SEO plugin. -->","yoast_head_json":{"title":"Enlaces - Delegaci\u00f3n de Le\u00f3n de la Federaci\u00f3n Territorial de Balonmano de Castilla y Le\u00f3n","robots":{"index":"index","follow":"follow","max-snippet":"max-snippet:-1","max-image-preview":"max-image-preview:large","max-video-preview":"max-video-preview:-1"},"canonical":"https:\/\/fcylbm.es\/leon\/enlaces\/","og_locale":"es_ES","og_type":"article","og_title":"Enlaces - Delegaci\u00f3n de Le\u00f3n de la Federaci\u00f3n Territorial de Balonmano de Castilla y Le\u00f3n","og_description":"A1 &#8211; REAL FEDERACION ESPA\u00d1OLA DE BALONMANO \u00a0www.rfebm.net A1 &#8211; REAL FEDERACI\u00d3N ESPA\u00d1OLA DE BALONMANO \u00a0www.rfebm.net A2 &#8211; FEDERACI\u00d3N INTERNACIONAL DE BALONMANO (IHF) \u00a0www.ihf.info A3 &#8211; FEDERACI\u00d3N EUROPEA DE BALONMANO (EHF) \u00a0www.eurohandball.com A4 &#8211; COMIT\u00c9 OL\u00cdMPICO ESPA\u00d1OL \u00a0www.sportec.com\/coe A5 &#8211; FUNDACI\u00d3N MUNICIPAL DE DEPORTES \u00a0www.fmdva.org A6 &#8211; BUSCADOR DE BALONMANO \u00a0www.buscabalonmano.com A7 &#8211; INSTITUTO VALLISOLETANO","og_url":"https:\/\/fcylbm.es\/leon\/enlaces\/","og_site_name":"Delegaci\u00f3n de Le\u00f3n de la Federaci\u00f3n Territorial de Balonmano de Castilla y Le\u00f3n","article_modified_time":"2017-07-25T10:56:45+00:00","twitter_card":"summary_large_image","twitter_misc":{"Tiempo de lectura":"2 minutos"},"schema":{"@context":"https:\/\/schema.org","@graph":[{"@type":"WebPage","@id":"https:\/\/fcylbm.es\/leon\/enlaces\/","url":"https:\/\/fcylbm.es\/leon\/enlaces\/","name":"Enlaces - Delegaci\u00f3n de Le\u00f3n de la Federaci\u00f3n Territorial de Balonmano de Castilla y Le\u00f3n","isPartOf":{"@id":"https:\/\/fcylbm.es\/leon\/#website"},"datePublished":"2017-07-24T09:17:05+00:00","dateModified":"2017-07-25T10:56:45+00:00","breadcrumb":{"@id":"https:\/\/fcylbm.es\/leon\/enlaces\/#breadcrumb"},"inLanguage":"es","potentialAction":[{"@type":"ReadAction","target":["https:\/\/fcylbm.es\/leon\/enlaces\/"]}]},{"@type":"BreadcrumbList","@id":"https:\/\/fcylbm.es\/leon\/enlaces\/#breadcrumb","itemListElement":[{"@type":"ListItem","position":1,"name":"Portada","item":"https:\/\/fcylbm.es\/leon\/"},{"@type":"ListItem","position":2,"name":"Enlaces"}]},{"@type":"WebSite","@id":"https:\/\/fcylbm.es\/leon\/#website","url":"https:\/\/fcylbm.es\/leon\/","name":"Delegaci\u00f3n de Le\u00f3n de la Federaci\u00f3n Territorial de Balonmano de Castilla y Le\u00f3n","description":"Otro sitio m\u00e1s de Federaci\u00f3n Territorial de Balonmano de Castilla y Le\u00f3n","potentialAction":[{"@type":"SearchAction","target":{"@type":"EntryPoint","urlTemplate":"https:\/\/fcylbm.es\/leon\/?s={search_term_string}"},"query-input":{"@type":"PropertyValueSpecification","valueRequired":true,"valueName":"search_term_string"}}],"inLanguage":"es"}]}},"_links":{"self":[{"href":"https:\/\/fcylbm.es\/leon\/wp-json\/wp\/v2\/pages\/6","targetHints":{"allow":["GET"]}}],"collection":[{"href":"https:\/\/fcylbm.es\/leon\/wp-json\/wp\/v2\/pages"}],"about":[{"href":"https:\/\/fcylbm.es\/leon\/wp-json\/wp\/v2\/types\/page"}],"author":[{"embeddable":true,"href":"https:\/\/fcylbm.es\/leon\/wp-json\/wp\/v2\/users\/2"}],"replies":[{"embeddable":true,"href":"https:\/\/fcylbm.es\/leon\/wp-json\/wp\/v2\/comments?post=6"}],"version-history":[{"count":0,"href":"https:\/\/fcylbm.es\/leon\/wp-json\/wp\/v2\/pages\/6\/revisions"}],"wp:attachment":[{"href":"https:\/\/fcylbm.es\/leon\/wp-json\/wp\/v2\/media?parent=6"}],"curies":[{"name":"wp","href":"https:\/\/api.w.org\/{rel}","templated":true}]}}